{"id":2199,"date":"2025-10-03T00:40:13","date_gmt":"2025-10-03T00:40:13","guid":{"rendered":"https:\/\/vinccolomarketing.com.br\/?page_id=2199"},"modified":"2025-10-06T22:12:40","modified_gmt":"2025-10-06T22:12:40","slug":"obrigado-redir-whatsapp","status":"publish","type":"page","link":"https:\/\/vinccolomarketing.com.br\/en\/obrigado-redir-whatsapp\/","title":{"rendered":"Obrigado! Estamos te redirecionando para o Whatsapp&#8230; | Vinccolo Marketing"},"content":{"rendered":"\t\t<div data-elementor-type=\"wp-page\" data-elementor-id=\"2199\" class=\"elementor elementor-2199\" data-elementor-settings=\"{&quot;ha_cmc_init_switcher&quot;:&quot;no&quot;}\">\n\t\t\t\t<div class=\"elementor-element elementor-element-c05d6d7 e-flex e-con-boxed e-con e-parent\" data-id=\"c05d6d7\" data-element_type=\"container\" data-e-type=\"container\" data-settings=\"{&quot;background_background&quot;:&quot;classic&quot;,&quot;_ha_eqh_enable&quot;:false}\">\n\t\t\t\t\t<div class=\"e-con-inner\">\n\t\t\t\t<div class=\"elementor-element elementor-element-b5f5204 elementor-hidden-tablet elementor-hidden-mobile elementor-widget elementor-widget-image\" data-id=\"b5f5204\" data-element_type=\"widget\" data-e-type=\"widget\" data-widget_type=\"image.default\">\n\t\t\t\t\t\t\t\t\t\t\t\t\t\t\t<img fetchpriority=\"high\" decoding=\"async\" width=\"1024\" height=\"245\" src=\"https:\/\/vinccolomarketing.com.br\/wp-content\/uploads\/2025\/09\/Logo-Vinccolo-cor-full-horizontal-2022-1024x245.png\" class=\"attachment-large size-large wp-image-2077\" alt=\"\" srcset=\"https:\/\/vinccolomarketing.com.br\/wp-content\/uploads\/2025\/09\/Logo-Vinccolo-cor-full-horizontal-2022-1024x245.png 1024w, https:\/\/vinccolomarketing.com.br\/wp-content\/uploads\/2025\/09\/Logo-Vinccolo-cor-full-horizontal-2022-300x72.png 300w, https:\/\/vinccolomarketing.com.br\/wp-content\/uploads\/2025\/09\/Logo-Vinccolo-cor-full-horizontal-2022-768x184.png 768w, https:\/\/vinccolomarketing.com.br\/wp-content\/uploads\/2025\/09\/Logo-Vinccolo-cor-full-horizontal-2022-1536x368.png 1536w, https:\/\/vinccolomarketing.com.br\/wp-content\/uploads\/2025\/09\/Logo-Vinccolo-cor-full-horizontal-2022-2048x490.png 2048w\" sizes=\"(max-width: 1024px) 100vw, 1024px\" \/>\t\t\t\t\t\t\t\t\t\t\t\t\t\t\t<\/div>\n\t\t\t\t<div class=\"elementor-element elementor-element-f6b48a7 elementor-hidden-desktop elementor-widget elementor-widget-image\" data-id=\"f6b48a7\" data-element_type=\"widget\" data-e-type=\"widget\" data-widget_type=\"image.default\">\n\t\t\t\t\t\t\t\t\t\t\t\t\t\t\t<img decoding=\"async\" width=\"1024\" height=\"696\" src=\"https:\/\/vinccolomarketing.com.br\/wp-content\/uploads\/2025\/08\/Logo-Vinccolo-cor-full-vert-2022-1024x696.png\" class=\"attachment-large size-large wp-image-1805\" alt=\"\" srcset=\"https:\/\/vinccolomarketing.com.br\/wp-content\/uploads\/2025\/08\/Logo-Vinccolo-cor-full-vert-2022-1024x696.png 1024w, https:\/\/vinccolomarketing.com.br\/wp-content\/uploads\/2025\/08\/Logo-Vinccolo-cor-full-vert-2022-300x204.png 300w, https:\/\/vinccolomarketing.com.br\/wp-content\/uploads\/2025\/08\/Logo-Vinccolo-cor-full-vert-2022-768x522.png 768w, https:\/\/vinccolomarketing.com.br\/wp-content\/uploads\/2025\/08\/Logo-Vinccolo-cor-full-vert-2022-1536x1044.png 1536w, https:\/\/vinccolomarketing.com.br\/wp-content\/uploads\/2025\/08\/Logo-Vinccolo-cor-full-vert-2022.png 1909w\" sizes=\"(max-width: 1024px) 100vw, 1024px\" \/>\t\t\t\t\t\t\t\t\t\t\t\t\t\t\t<\/div>\n\t\t\t\t\t<\/div>\n\t\t\t\t<\/div>\n\t\t<div class=\"elementor-element elementor-element-118884c e-flex e-con-boxed e-con e-parent\" data-id=\"118884c\" data-element_type=\"container\" data-e-type=\"container\" data-settings=\"{&quot;_ha_eqh_enable&quot;:false}\">\n\t\t\t\t\t<div class=\"e-con-inner\">\n\t\t\t\t<div class=\"elementor-element elementor-element-3c1fdcd elementor-widget__width-initial elementor-widget-mobile__width-inherit elementor-widget-tablet__width-initial animated-slow elementor-widget elementor-widget-elementskit-heading\" data-id=\"3c1fdcd\" data-element_type=\"widget\" data-e-type=\"widget\" data-settings=\"{&quot;_animation&quot;:&quot;none&quot;}\" data-widget_type=\"elementskit-heading.default\">\n\t\t\t\t\t<div class=\"ekit-wid-con\" ><div class=\"ekit-heading elementskit-section-title-wraper text_center   ekit_heading_tablet-   ekit_heading_mobile-\"><h2 class=\"ekit-heading--title elementskit-section-title \">S\u00f3 mais um momento...<\/h2><\/div><\/div>\t\t\t\t<\/div>\n\t\t\t\t\t<\/div>\n\t\t\t\t<\/div>\n\t\t<div class=\"elementor-element elementor-element-99dea31 e-flex e-con-boxed e-con e-parent\" data-id=\"99dea31\" data-element_type=\"container\" data-e-type=\"container\" data-settings=\"{&quot;_ha_eqh_enable&quot;:false}\">\n\t\t\t\t\t<div class=\"e-con-inner\">\n\t\t\t\t<div class=\"elementor-element elementor-element-9a98b61 elementor-widget elementor-widget-html\" data-id=\"9a98b61\" data-element_type=\"widget\" data-e-type=\"widget\" data-widget_type=\"html.default\">\n\t\t\t\t\t<!-- TIPOGRAFIA E LAYOUT -->\r\n<link rel=\"preconnect\" href=\"https:\/\/fonts.googleapis.com\">\r\n<link rel=\"preconnect\" href=\"https:\/\/fonts.gstatic.com\" crossorigin>\r\n<link href=\"https:\/\/fonts.googleapis.com\/css2?family=Inter:wght@400;600&display=swap\" rel=\"stylesheet\">\r\n\r\n<style>\r\n  #redirect-wrap {\r\n    height: 40vh;                \/* altura da \u00e1rea de feedback *\/\r\n    display: flex;\r\n    align-items: center;         \/* centraliza vertical *\/\r\n    justify-content: center;     \/* centraliza horizontal *\/\r\n    padding: 14px;\r\n  }\r\n  #redirect-msg {\r\n    font-family: 'Inter', system-ui, -apple-system, Segoe UI, Roboto, Arial, sans-serif;\r\n    font-size: 26px;\r\n    line-height: 1.5;\r\n    color: #000000;\r\n    text-align: center;\r\n  }\r\n  \/* for\u00e7a a cor branca nos t\u00edtulos\/links dentro do bloco *\/\r\n  #redirect-msg h1,\r\n  #redirect-msg h2,\r\n  #redirect-msg h3,\r\n  #redirect-msg h4,\r\n  #redirect-msg h5,\r\n  #redirect-msg h6,\r\n  #redirect-msg p,\r\n  #redirect-msg b,\r\n  #redirect-msg strong { color: #000000 !important; }\r\n\r\n  #redirect-msg a { color: #000000 !important; text-decoration: underline; }\r\n  #redirect-msg small { opacity: .85; }\r\n\r\n  \/* n\u00e3o mostrar a dica por padr\u00e3o (desktop e demais dispositivos) *\/\r\n  #ios-tip { display: none; }\r\n<\/style>\r\n\r\n<div id=\"redirect-wrap\">\r\n  <div id=\"redirect-msg\">\r\n    <h3><b>\u2705 N\u00e3o feche esta p\u00e1gina! <\/b>Estamos te redirecionando...<br><\/h3>\r\n    <h4>\u23f1Vamos abrir o WhatsApp em <span id=\"count\">5<\/span>s.<\/h4>\r\n    <small>Se n\u00e3o abrir, <a id=\"fallback\" href=\"#\" rel=\"nofollow\">clique aqui<\/a>.<\/small><br>\r\n    <!-- Dica para iOS -->\r\n    <p id=\"ios-tip\"><small>No iPhone pode aparecer um aviso do sistema.<br>Basta tocar em <b>Permitir<\/b> para continuar.<\/small><\/p>\r\n  <\/div>\r\n<\/div>\r\n\r\n<script>\r\n(function () {\r\n  \/\/ ======== CONFIG ========\r\n  var WHATSAPP_PHONE = \"558596009764\"; \/\/ s\u00f3 n\u00fameros (DDI+DDD+n\u00famero)\r\n  var BASE_MSG = \"Ol\u00e1! Clique no Whatsapp pelo site da Vinccolo e gostaria de conversar mais.\";\r\n\r\n  \/\/ Tempo exibido e tempo real de espera (5s cravados)\r\n  var SHOW_COUNTER_SECONDS = 5;         \/\/ contador visual (em segundos)\r\n  var GA_WAIT_MAX = 5000;               \/\/ failsafe para GA\/Meta (ms) \u2014 alinhado aos 5s\r\n  var META_MIN_WAIT = 1000;             \/\/ aguarda pelo menos isso para Meta Pixel (ms)\r\n\r\n  \/\/ Pixels usados\r\n  var USE_GA4 = true;\r\n  var USE_GOOGLE_ADS = false;\r\n  var USE_META = true;\r\n\r\n  \/\/ GA4 \/ Ads\r\n  var GA4_EVENT = \"generate_lead\";\r\n  var AW_SEND_TO = \"AW-XXXXXXX\/XXXXXXXXXXX\";\r\n  var CONV_VALUE = 0.00;\r\n  var CONV_CURRENCY = \"BRL\";\r\n\r\n  \/\/ Meta\r\n  var META_EVENT = \"Lead\";\r\n  var META_EVENT_ID = Date.now().toString();\r\n\r\n  \/\/ ======== UTIL ========\r\n  var qs = new URLSearchParams(location.search);\r\n  var name = (qs.get(\"name\") || \"\").trim();\r\n  var utmParams = [\"utm_source\",\"utm_medium\",\"utm_campaign\",\"utm_term\",\"utm_content\",\"gclid\",\"fbclid\"]\r\n    .map(k => qs.get(k) ? (k + \"=\" + encodeURIComponent(qs.get(k))) : null)\r\n    .filter(Boolean)\r\n    .join(\"&\");\r\n\r\n  var msg = BASE_MSG.replace(\"{{name}}\", name || \"\").trim();\r\n\r\n  var wa = new URL(\"https:\/\/wa.me\/\" + WHATSAPP_PHONE);\r\n  var text = msg;\r\n  if (utmParams) text += (text ? \" \" : \"\") + \"(\" + utmParams + \")\";\r\n  wa.searchParams.set(\"text\", text);\r\n  var DEST = wa.toString();\r\n\r\n  \/\/ Mostrar a dica SOMENTE no iOS (n\u00e3o aparece no desktop)\r\n  var isIOS = \/iPad|iPhone|iPod\/.test(navigator.userAgent) || (navigator.platform === 'MacIntel' && navigator.maxTouchPoints > 1);\r\n  var iosTipEl = document.getElementById('ios-tip');\r\n  if (iosTipEl) iosTipEl.style.display = isIOS ? 'block' : 'none';\r\n\r\n  \/\/ Atualiza fallback e contador\r\n  var fallback = document.getElementById(\"fallback\");\r\n  if (fallback) fallback.href = DEST;\r\n\r\n  var countEl = document.getElementById(\"count\");\r\n  var remaining = SHOW_COUNTER_SECONDS;\r\n  if (countEl) countEl.textContent = remaining;\r\n\r\n  var iv = setInterval(function(){\r\n    remaining--;\r\n    if (remaining < 0) remaining = 0;\r\n    if (countEl) countEl.textContent = remaining;\r\n    if (remaining <= 0) clearInterval(iv);\r\n  }, 1000);\r\n\r\n  \/\/ Evita execu\u00e7\u00e3o no editor do Elementor\r\n  if (document.body.classList.contains(\"elementor-editor-active\")) return;\r\n\r\n  \/\/ ======== GARANTE NUNCA SAIR ANTES DE 5s ========\r\n  var MIN_DELAY_MS = SHOW_COUNTER_SECONDS * 1000;\r\n  var readyAt = Date.now() + MIN_DELAY_MS;\r\n\r\n  var gaDone = !USE_GA4 && !USE_GOOGLE_ADS; \/\/ se n\u00e3o usar GA4\/Ads, j\u00e1 est\u00e1 ok\r\n  var metaDone = !USE_META;                  \/\/ se n\u00e3o usar Meta, j\u00e1 est\u00e1 ok\r\n  var redirected = false;\r\n\r\n  function redirectNow() {\r\n    if (redirected) return;\r\n    var wait = readyAt - Date.now();\r\n    if (wait > 0) {\r\n      \/\/ ainda n\u00e3o completou os 5s \u2014 reprograma para depois do restante\r\n      setTimeout(redirectNow, wait);\r\n      return;\r\n    }\r\n    redirected = true;\r\n    window.location.assign(DEST);\r\n  }\r\n\r\n  \/\/ Failsafe total: considera o MAIOR entre GA_WAIT_MAX e os 5s + margem\r\n  var hardFailSafe = setTimeout(redirectNow, Math.max(GA_WAIT_MAX, MIN_DELAY_MS + 200));\r\n\r\n  function maybeRedirect() {\r\n    if (gaDone && metaDone) {\r\n      clearTimeout(hardFailSafe);\r\n      redirectNow(); \/\/ essa fun\u00e7\u00e3o s\u00f3 dispara ap\u00f3s os 5s\r\n    }\r\n  }\r\n\r\n  \/\/ ======== DISPARO DE PIXELS ========\r\n  \/\/ Meta Pixel\r\n  if (USE_META) {\r\n    if (typeof fbq === \"function\") {\r\n      try {\r\n        fbq(\"track\", META_EVENT, {}, { eventID: META_EVENT_ID });\r\n      } catch (e) { \/* ignora erro *\/ }\r\n      \/\/ n\u00e3o h\u00e1 callback oficial \u2014 aguarda ao menos META_MIN_WAIT\r\n      setTimeout(function(){ metaDone = true; maybeRedirect(); }, META_MIN_WAIT);\r\n    } else {\r\n      metaDone = true; \/\/ n\u00e3o bloqueia se fbq n\u00e3o estiver dispon\u00edvel\r\n    }\r\n  }\r\n\r\n  \/\/ GA4\r\n  if (USE_GA4) {\r\n    if (typeof gtag === \"function\") {\r\n      try {\r\n        gtag(\"event\", GA4_EVENT, {\r\n          value: CONV_VALUE,\r\n          currency: CONV_CURRENCY,\r\n          event_callback: function(){ gaDone = true; maybeRedirect(); },\r\n          event_timeout: GA_WAIT_MAX\r\n        });\r\n      } catch (e) { gaDone = true; }\r\n    } else {\r\n      gaDone = true; \/\/ n\u00e3o bloqueia se gtag n\u00e3o estiver dispon\u00edvel\r\n    }\r\n  }\r\n\r\n  \/\/ Google Ads (opcional)\r\n  if (USE_GOOGLE_ADS) {\r\n    if (typeof gtag === \"function\") {\r\n      try {\r\n        gtag(\"event\", \"conversion\", {\r\n          send_to: AW_SEND_TO,\r\n          value: CONV_VALUE,\r\n          currency: CONV_CURRENCY,\r\n          event_callback: function(){ gaDone = true; maybeRedirect(); },\r\n          event_timeout: GA_WAIT_MAX\r\n        });\r\n      } catch (e) { gaDone = true; }\r\n    } else {\r\n      gaDone = true;\r\n    }\r\n  }\r\n\r\n  \/\/ Fallback tamb\u00e9m for\u00e7a o redirect (ap\u00f3s os 5s m\u00ednimos)\r\n  if (fallback) {\r\n    fallback.addEventListener(\"click\", function(e){\r\n      e.preventDefault();\r\n      redirectNow();\r\n    }, { passive: false });\r\n  }\r\n})();\r\n<\/script>\r\n\t\t\t\t<\/div>\n\t\t\t\t\t<\/div>\n\t\t\t\t<\/div>\n\t\t<div class=\"elementor-element elementor-element-d45be6a e-flex e-con-boxed e-con e-parent\" data-id=\"d45be6a\" data-element_type=\"container\" data-e-type=\"container\" data-settings=\"{&quot;background_background&quot;:&quot;classic&quot;,&quot;_ha_eqh_enable&quot;:false}\">\n\t\t\t\t\t<div class=\"e-con-inner\">\n\t\t<div class=\"elementor-element elementor-element-0978f42 e-con-full e-flex e-con e-child\" data-id=\"0978f42\" data-element_type=\"container\" data-e-type=\"container\" data-settings=\"{&quot;_ha_eqh_enable&quot;:false}\">\n\t\t<div class=\"elementor-element elementor-element-b438bcd e-con-full e-flex e-con e-child\" data-id=\"b438bcd\" data-element_type=\"container\" data-e-type=\"container\" data-settings=\"{&quot;_ha_eqh_enable&quot;:false}\">\n\t\t\t\t<div class=\"elementor-element elementor-element-2629c73 elementor-widget elementor-widget-image\" data-id=\"2629c73\" data-element_type=\"widget\" data-e-type=\"widget\" data-widget_type=\"image.default\">\n\t\t\t\t\t\t\t\t\t\t\t\t\t\t\t\t<a href=\"https:\/\/wpmet.com\/plugin\/elementskit\/photography\/\">\n\t\t\t\t\t\t\t<img fetchpriority=\"high\" decoding=\"async\" width=\"1024\" height=\"245\" src=\"https:\/\/vinccolomarketing.com.br\/wp-content\/uploads\/2025\/09\/Logo-Vinccolo-cor-full-horizontal-2022-1024x245.png\" class=\"attachment-large size-large wp-image-2077\" alt=\"\" srcset=\"https:\/\/vinccolomarketing.com.br\/wp-content\/uploads\/2025\/09\/Logo-Vinccolo-cor-full-horizontal-2022-1024x245.png 1024w, https:\/\/vinccolomarketing.com.br\/wp-content\/uploads\/2025\/09\/Logo-Vinccolo-cor-full-horizontal-2022-300x72.png 300w, https:\/\/vinccolomarketing.com.br\/wp-content\/uploads\/2025\/09\/Logo-Vinccolo-cor-full-horizontal-2022-768x184.png 768w, https:\/\/vinccolomarketing.com.br\/wp-content\/uploads\/2025\/09\/Logo-Vinccolo-cor-full-horizontal-2022-1536x368.png 1536w, https:\/\/vinccolomarketing.com.br\/wp-content\/uploads\/2025\/09\/Logo-Vinccolo-cor-full-horizontal-2022-2048x490.png 2048w\" sizes=\"(max-width: 1024px) 100vw, 1024px\" \/>\t\t\t\t\t\t\t\t<\/a>\n\t\t\t\t\t\t\t\t\t\t\t\t\t\t\t<\/div>\n\t\t\t\t<div class=\"elementor-element elementor-element-e91562f elementor-shape-rounded elementor-grid-0 e-grid-align-center elementor-widget elementor-widget-social-icons\" data-id=\"e91562f\" data-element_type=\"widget\" data-e-type=\"widget\" data-widget_type=\"social-icons.default\">\n\t\t\t\t\t\t\t<div class=\"elementor-social-icons-wrapper elementor-grid\" role=\"list\">\n\t\t\t\t\t\t\t<span class=\"elementor-grid-item\" role=\"listitem\">\n\t\t\t\t\t<a class=\"elementor-icon elementor-social-icon elementor-social-icon-instagram elementor-repeater-item-d82ef38\" href=\"https:\/\/www.instagram.com\/vinccolomarketing\" target=\"_blank\">\n\t\t\t\t\t\t<span class=\"elementor-screen-only\">Instagram<\/span>\n\t\t\t\t\t\t<svg aria-hidden=\"true\" class=\"e-font-icon-svg e-fab-instagram\" viewBox=\"0 0 448 512\" xmlns=\"http:\/\/www.w3.org\/2000\/svg\"><path d=\"M224.1 141c-63.6 0-114.9 51.3-114.9 114.9s51.3 114.9 114.9 114.9S339 319.5 339 255.9 287.7 141 224.1 141zm0 189.6c-41.1 0-74.7-33.5-74.7-74.7s33.5-74.7 74.7-74.7 74.7 33.5 74.7 74.7-33.6 74.7-74.7 74.7zm146.4-194.3c0 14.9-12 26.8-26.8 26.8-14.9 0-26.8-12-26.8-26.8s12-26.8 26.8-26.8 26.8 12 26.8 26.8zm76.1 27.2c-1.7-35.9-9.9-67.7-36.2-93.9-26.2-26.2-58-34.4-93.9-36.2-37-2.1-147.9-2.1-184.9 0-35.8 1.7-67.6 9.9-93.9 36.1s-34.4 58-36.2 93.9c-2.1 37-2.1 147.9 0 184.9 1.7 35.9 9.9 67.7 36.2 93.9s58 34.4 93.9 36.2c37 2.1 147.9 2.1 184.9 0 35.9-1.7 67.7-9.9 93.9-36.2 26.2-26.2 34.4-58 36.2-93.9 2.1-37 2.1-147.8 0-184.8zM398.8 388c-7.8 19.6-22.9 34.7-42.6 42.6-29.5 11.7-99.5 9-132.1 9s-102.7 2.6-132.1-9c-19.6-7.8-34.7-22.9-42.6-42.6-11.7-29.5-9-99.5-9-132.1s-2.6-102.7 9-132.1c7.8-19.6 22.9-34.7 42.6-42.6 29.5-11.7 99.5-9 132.1-9s102.7-2.6 132.1 9c19.6 7.8 34.7 22.9 42.6 42.6 11.7 29.5 9 99.5 9 132.1s2.7 102.7-9 132.1z\"><\/path><\/svg>\t\t\t\t\t<\/a>\n\t\t\t\t<\/span>\n\t\t\t\t\t\t\t<span class=\"elementor-grid-item\" role=\"listitem\">\n\t\t\t\t\t<a class=\"elementor-icon elementor-social-icon elementor-social-icon-icon-linkedin elementor-repeater-item-0d1a6ce\" href=\"https:\/\/www.linkedin.com\/company\/vinccolomarketing\" target=\"_blank\">\n\t\t\t\t\t\t<span class=\"elementor-screen-only\">Icon-linkedin<\/span>\n\t\t\t\t\t\t<i aria-hidden=\"true\" class=\"icon icon-linkedin\"><\/i>\t\t\t\t\t<\/a>\n\t\t\t\t<\/span>\n\t\t\t\t\t<\/div>\n\t\t\t\t\t\t<\/div>\n\t\t\t\t<div class=\"elementor-element elementor-element-e3e9f65 elementor-widget__width-auto elementor-widget elementor-widget-elementskit-heading\" data-id=\"e3e9f65\" data-element_type=\"widget\" data-e-type=\"widget\" data-widget_type=\"elementskit-heading.default\">\n\t\t\t\t\t<div class=\"ekit-wid-con\" ><div class=\"ekit-heading elementskit-section-title-wraper text_center   ekit_heading_tablet-   ekit_heading_mobile-text_center\"><p class=\"ekit-heading--title elementskit-section-title \">\u00a92025, VINCCOLO MARKETING DIGITAL LTDA | CNPJ: 34.960.957\/0001-00 | Todos os direitos reservados<\/p><\/div><\/div>\t\t\t\t<\/div>\n\t\t\t\t<\/div>\n\t\t\t\t<\/div>\n\t\t\t\t\t<\/div>\n\t\t\t\t<\/div>\n\t\t\t\t<\/div>\n\t\t","protected":false},"excerpt":{"rendered":"<p>S\u00f3 mais um momento&#8230; \u2705 N\u00e3o feche esta p\u00e1gina! Estamos te redirecionando&#8230; \u23f1Vamos abrir o WhatsApp em 5s. Se n\u00e3o abrir, clique aqui. No iPhone pode aparecer um aviso do sistema.Basta tocar em Permitir para continuar. Instagram Icon-linkedin \u00a92025, VINCCOLO MARKETING DIGITAL LTDA | CNPJ: 34.960.957\/0001-00 | Todos os direitos reservados<\/p>","protected":false},"author":1,"featured_media":0,"parent":0,"menu_order":0,"comment_status":"closed","ping_status":"closed","template":"","meta":{"_eb_attr":"","_uag_custom_page_level_css":"","footnotes":""},"class_list":["post-2199","page","type-page","status-publish","hentry"],"aioseo_notices":[],"uagb_featured_image_src":{"full":false,"thumbnail":false,"medium":false,"medium_large":false,"large":false,"1536x1536":false,"2048x2048":false,"trp-custom-language-flag":false},"uagb_author_info":{"display_name":"sergio@vinccolomarketing.com.br","author_link":"https:\/\/vinccolomarketing.com.br\/en\/author\/sergiovinccolomarketing-com-br\/"},"uagb_comment_info":0,"uagb_excerpt":"S\u00f3 mais um momento&#8230; \u2705 N\u00e3o feche esta p\u00e1gina! Estamos te redirecionando&#8230; \u23f1Vamos abrir o WhatsApp em 5s. Se n\u00e3o abrir, clique aqui. No iPhone pode aparecer um aviso do sistema.Basta tocar em Permitir para continuar. Instagram Icon-linkedin \u00a92025, VINCCOLO MARKETING DIGITAL LTDA | CNPJ: 34.960.957\/0001-00 | Todos os direitos reservados","_links":{"self":[{"href":"https:\/\/vinccolomarketing.com.br\/en\/wp-json\/wp\/v2\/pages\/2199","targetHints":{"allow":["GET"]}}],"collection":[{"href":"https:\/\/vinccolomarketing.com.br\/en\/wp-json\/wp\/v2\/pages"}],"about":[{"href":"https:\/\/vinccolomarketing.com.br\/en\/wp-json\/wp\/v2\/types\/page"}],"author":[{"embeddable":true,"href":"https:\/\/vinccolomarketing.com.br\/en\/wp-json\/wp\/v2\/users\/1"}],"replies":[{"embeddable":true,"href":"https:\/\/vinccolomarketing.com.br\/en\/wp-json\/wp\/v2\/comments?post=2199"}],"version-history":[{"count":26,"href":"https:\/\/vinccolomarketing.com.br\/en\/wp-json\/wp\/v2\/pages\/2199\/revisions"}],"predecessor-version":[{"id":2340,"href":"https:\/\/vinccolomarketing.com.br\/en\/wp-json\/wp\/v2\/pages\/2199\/revisions\/2340"}],"wp:attachment":[{"href":"https:\/\/vinccolomarketing.com.br\/en\/wp-json\/wp\/v2\/media?parent=2199"}],"curies":[{"name":"wp","href":"https:\/\/api.w.org\/{rel}","templated":true}]}}