{"id":1849,"date":"2025-09-24T13:13:32","date_gmt":"2025-09-24T13:13:32","guid":{"rendered":"https:\/\/vinccolomarketing.com.br\/?page_id=1849"},"modified":"2025-09-24T13:15:04","modified_gmt":"2025-09-24T13:15:04","slug":"em-construcao","status":"publish","type":"page","link":"https:\/\/vinccolomarketing.com.br\/en\/em-construcao\/","title":{"rendered":"Em Constru\u00e7\u00e3o | Vinccolo Marketing"},"content":{"rendered":"<div data-elementor-type=\"wp-page\" data-elementor-id=\"1849\" class=\"elementor elementor-1849\" data-elementor-settings=\"{&quot;ha_cmc_init_switcher&quot;:&quot;no&quot;}\">\n\t\t\t\t<div class=\"elementor-element elementor-element-3dc1375 e-grid e-con-boxed e-con e-parent\" data-id=\"3dc1375\" data-element_type=\"container\" data-e-type=\"container\" data-settings=\"{&quot;background_background&quot;:&quot;classic&quot;,&quot;_ha_eqh_enable&quot;:false}\">\n\t\t\t\t\t<div class=\"e-con-inner\">\n\t\t\t\t<div class=\"elementor-element elementor-element-701e018 elementor-widget elementor-widget-image\" data-id=\"701e018\" data-element_type=\"widget\" data-e-type=\"widget\" data-widget_type=\"image.default\">\n\t\t\t\t\t\t\t\t\t\t\t\t\t\t\t<img fetchpriority=\"high\" decoding=\"async\" width=\"1024\" height=\"696\" src=\"https:\/\/vinccolomarketing.com.br\/wp-content\/uploads\/2025\/08\/Logo-Vinccolo-cor-full-vert-2022-1024x696.png\" class=\"attachment-large size-large wp-image-1805\" alt=\"\" srcset=\"https:\/\/vinccolomarketing.com.br\/wp-content\/uploads\/2025\/08\/Logo-Vinccolo-cor-full-vert-2022-1024x696.png 1024w, https:\/\/vinccolomarketing.com.br\/wp-content\/uploads\/2025\/08\/Logo-Vinccolo-cor-full-vert-2022-300x204.png 300w, https:\/\/vinccolomarketing.com.br\/wp-content\/uploads\/2025\/08\/Logo-Vinccolo-cor-full-vert-2022-768x522.png 768w, https:\/\/vinccolomarketing.com.br\/wp-content\/uploads\/2025\/08\/Logo-Vinccolo-cor-full-vert-2022-1536x1044.png 1536w, https:\/\/vinccolomarketing.com.br\/wp-content\/uploads\/2025\/08\/Logo-Vinccolo-cor-full-vert-2022.png 1909w\" sizes=\"(max-width: 1024px) 100vw, 1024px\" \/>\t\t\t\t\t\t\t\t\t\t\t\t\t\t\t<\/div>\n\t\t\t\t<div class=\"elementor-element elementor-element-55d369e elementor-widget elementor-widget-text-editor\" data-id=\"55d369e\" data-element_type=\"widget\" data-e-type=\"widget\" data-widget_type=\"text-editor.default\">\n\t\t\t\t\t\t\t\t\t<h1><strong>Novo Site em constru\u00e7\u00e3o!<\/strong><\/h1><h2>Em breve, no ar com muitas novidades.<\/h2><p>Para acompanhar nosso conte\u00fado, <strong>siga o Instagram<\/strong> ou fale no nosso <strong>Whatsapp\u00a0<\/strong>clicando abaixo:<\/p>\t\t\t\t\t\t\t\t<\/div>\n\t\t\t\t\t<\/div>\n\t\t\t\t<\/div>\n\t\t<div class=\"elementor-element elementor-element-fe1188b e-grid e-con-boxed e-con e-parent\" data-id=\"fe1188b\" data-element_type=\"container\" data-e-type=\"container\" data-settings=\"{&quot;background_background&quot;:&quot;classic&quot;,&quot;_ha_eqh_enable&quot;:false}\">\n\t\t\t\t\t<div class=\"e-con-inner\">\n\t\t\t\t<div class=\"elementor-element elementor-element-d49e894 elementor-widget elementor-widget-eael-creative-button\" data-id=\"d49e894\" data-element_type=\"widget\" data-e-type=\"widget\" data-widget_type=\"eael-creative-button.default\">\n\t\t\t\t\t        <div class=\"eael-creative-button-wrapper\">\n\n            <a class=\"eael-creative-button eael-creative-button--default eael-cb-icon-position-\" href=\"http:\/\/wa.me\/+558599228116\" data-text=\"Go!\">\n            \t    \n                <div class=\"creative-button-inner\">\n\n                    \n                    <span class=\"cretive-button-text\">Whatsapp<\/span>\n\n                                    <\/div>\n\t                        <\/a>\n        <\/div>\n        \t\t\t\t<\/div>\n\t\t\t\t<div class=\"elementor-element elementor-element-92d1264 elementor-widget elementor-widget-eael-creative-button\" data-id=\"92d1264\" data-element_type=\"widget\" data-e-type=\"widget\" data-widget_type=\"eael-creative-button.default\">\n\t\t\t\t\t        <div class=\"eael-creative-button-wrapper\">\n\n            <a class=\"eael-creative-button eael-creative-button--default eael-cb-icon-position-\" href=\"https:\/\/instagram.com\/vinccolomarketing\" data-text=\"Go!\">\n            \t    \n                <div class=\"creative-button-inner\">\n\n                    \n                    <span class=\"cretive-button-text\">Instagram<\/span>\n\n                                    <\/div>\n\t                        <\/a>\n        <\/div>\n        \t\t\t\t<\/div>\n\t\t\t\t\t<\/div>\n\t\t\t\t<\/div>\n\t\t<div class=\"elementor-element elementor-element-b2386cb e-grid e-con-boxed e-con e-parent\" data-id=\"b2386cb\" data-element_type=\"container\" data-e-type=\"container\" data-settings=\"{&quot;background_background&quot;:&quot;classic&quot;,&quot;_ha_eqh_enable&quot;:false}\">\n\t\t\t\t\t<div class=\"e-con-inner\">\n\t\t\t\t\t<\/div>\n\t\t\t\t<\/div>\n\t\t\t\t<\/div>","protected":false},"excerpt":{"rendered":"<p>Novo Site em constru\u00e7\u00e3o! Em breve, no ar com muitas novidades. Para acompanhar nosso conte\u00fado, siga o Instagram ou fale no nosso Whatsapp\u00a0clicando abaixo: Whatsapp Instagram<\/p>","protected":false},"author":1,"featured_media":0,"parent":0,"menu_order":0,"comment_status":"closed","ping_status":"closed","template":"","meta":{"_eb_attr":"","_uag_custom_page_level_css":"","footnotes":""},"class_list":["post-1849","page","type-page","status-publish","hentry"],"aioseo_notices":[],"uagb_featured_image_src":{"full":false,"thumbnail":false,"medium":false,"medium_large":false,"large":false,"1536x1536":false,"2048x2048":false,"trp-custom-language-flag":false},"uagb_author_info":{"display_name":"sergio@vinccolomarketing.com.br","author_link":"https:\/\/vinccolomarketing.com.br\/en\/author\/sergiovinccolomarketing-com-br\/"},"uagb_comment_info":0,"uagb_excerpt":"Novo Site em constru\u00e7\u00e3o! Em breve, no ar com muitas novidades. Para acompanhar nosso conte\u00fado, siga o Instagram ou fale no nosso Whatsapp\u00a0clicando abaixo: Whatsapp Instagram","_links":{"self":[{"href":"https:\/\/vinccolomarketing.com.br\/en\/wp-json\/wp\/v2\/pages\/1849","targetHints":{"allow":["GET"]}}],"collection":[{"href":"https:\/\/vinccolomarketing.com.br\/en\/wp-json\/wp\/v2\/pages"}],"about":[{"href":"https:\/\/vinccolomarketing.com.br\/en\/wp-json\/wp\/v2\/types\/page"}],"author":[{"embeddable":true,"href":"https:\/\/vinccolomarketing.com.br\/en\/wp-json\/wp\/v2\/users\/1"}],"replies":[{"embeddable":true,"href":"https:\/\/vinccolomarketing.com.br\/en\/wp-json\/wp\/v2\/comments?post=1849"}],"version-history":[{"count":11,"href":"https:\/\/vinccolomarketing.com.br\/en\/wp-json\/wp\/v2\/pages\/1849\/revisions"}],"predecessor-version":[{"id":1980,"href":"https:\/\/vinccolomarketing.com.br\/en\/wp-json\/wp\/v2\/pages\/1849\/revisions\/1980"}],"wp:attachment":[{"href":"https:\/\/vinccolomarketing.com.br\/en\/wp-json\/wp\/v2\/media?parent=1849"}],"curies":[{"name":"wp","href":"https:\/\/api.w.org\/{rel}","templated":true}]}}